{"id":4064,"date":"2021-07-26T17:16:59","date_gmt":"2021-07-26T17:16:59","guid":{"rendered":"https:\/\/compassionateottawa.ca\/donate\/"},"modified":"2025-11-28T16:28:45","modified_gmt":"2025-11-28T21:28:45","slug":"faites-un-don","status":"publish","type":"page","link":"https:\/\/compassionateottawa.ca\/fr\/faites-un-don\/","title":{"rendered":"Faites un don"},"content":{"rendered":"<p><div class=\"fusion-fullwidth fullwidth-box fusion-builder-row-1 fusion-flex-container nonhundred-percent-fullwidth non-hundred-percent-height-scrolling\" style=\"--awb-border-radius-top-left:0px;--awb-border-radius-top-right:0px;--awb-border-radius-bottom-right:0px;--awb-border-radius-bottom-left:0px;--awb-padding-top:2vh;--awb-padding-bottom:2vh;--awb-background-color:#f2f2f2;--awb-flex-wrap:wrap;\" ><div class=\"fusion-builder-row fusion-row fusion-flex-align-items-flex-start fusion-flex-content-wrap\" style=\"max-width:1365px;margin-left: calc(-5% \/ 2 );margin-right: calc(-5% \/ 2 );\"><div class=\"fusion-layout-column fusion_builder_column fusion-builder-column-0 fusion_builder_column_1_1 1_1 fusion-flex-column\" style=\"--awb-bg-size:cover;--awb-width-large:100%;--awb-margin-top-large:0px;--awb-spacing-right-large:2.375%;--awb-margin-bottom-large:20px;--awb-spacing-left-large:2.375%;--awb-width-medium:100%;--awb-order-medium:0;--awb-spacing-right-medium:2.375%;--awb-spacing-left-medium:2.375%;--awb-width-small:100%;--awb-order-small:0;--awb-spacing-right-small:2.375%;--awb-spacing-left-small:2.375%;\"><div class=\"fusion-column-wrapper fusion-column-has-shadow fusion-flex-justify-content-flex-start fusion-content-layout-column\"><div class=\"fusion-text fusion-text-1\"><h1 style=\"text-align: center;\">Faites un don pour b\u00e2tir une ville compatissante<\/h1>\n<\/div><\/div><\/div><div class=\"fusion-layout-column fusion_builder_column fusion-builder-column-1 fusion_builder_column_2_3 2_3 fusion-flex-column\" style=\"--awb-bg-size:cover;--awb-width-large:66.666666666667%;--awb-margin-top-large:0px;--awb-spacing-right-large:3.5625%;--awb-margin-bottom-large:20px;--awb-spacing-left-large:3.5625%;--awb-width-medium:66.666666666667%;--awb-order-medium:0;--awb-spacing-right-medium:3.5625%;--awb-spacing-left-medium:3.5625%;--awb-width-small:100%;--awb-order-small:0;--awb-spacing-right-small:2.375%;--awb-spacing-left-small:2.375%;\"><div class=\"fusion-column-wrapper fusion-column-has-shadow fusion-flex-justify-content-flex-start fusion-content-layout-column\"><div class=\"fusion-text fusion-text-2\"><p style=\"text-align: left;\"><span style=\"background-color: rgba(0, 0, 0, 0);\"><i>Faites d\u00e9filer vers le bas pour acc\u00e9der au formulaire de don.<\/i><\/span><\/p>\n<p style=\"text-align: left;\"><span style=\"background-color: rgba(0, 0, 0, 0);\">Merci de soutenir le travail de Compassion Ottawa. Vous nous permettez de renforcer les capacit\u00e9s des r\u00e9sidents et r\u00e9sidentes d\u2019Ottawa afin qu\u2019ils soient plus aptes et confiants de pouvoir s\u2019aider eux-m\u00eames, leur famille et leur communaut\u00e9 \u00e0 bien vivre, \u00e0 bien mourir et \u00e0 bien faire leur deuil. Comme tous les organismes de bienfaisance, nous avons besoin de ressources financi\u00e8res pour y parvenir, surtout en cette p\u00e9riode de restrictions budg\u00e9taires. <\/span><strong style=\"background-color: rgba(0, 0, 0, 0);\">Nous vous invitons \u00e0 renouveler votre don ou \u00e0 vous joindre \u00e0 nos bienfaiteurs afin de nous permettre de poursuivre notre travail.<\/strong><\/p>\n<p style=\"text-align: left;\">Toutes les contributions sont les bienvenues, quelle que soit leur taille ou leur fr\u00e9quence, mais n<strong>ous vous invitons \u00e0 envisager de vous joindre \u00e0 notre groupe de bienfaiteurs mensuels<\/strong> avec un don mensuel de 50 $ ou plus. Les dons mensuels nous soutiennent et sont faciles \u00e0 mettre en place en utilisant le f<strong>ormulaire de don en ligne CanaDon ci-dessous<\/strong>. Vous pouvez aussi y d\u00e9dier votre don en l\u2019honneur ou \u00e0 la m\u00e9moire d\u2019une personne en particulier.<\/p>\n<p style=\"text-align: left;\">Nous acceptons \u00e9galement les dons par virement \u00e9lectronique ou par ch\u00e8que. Pour savoir proc\u00e9der, ou si vous avez des questions, veuillez <a href=\"https:\/\/compassionateottawa.ca\/fr\/communiquer-avec-nous\/\"><span style=\"text-decoration: underline;\">nous contacter<\/span><\/a>.<\/p>\n<\/div><\/div><\/div><div class=\"fusion-layout-column fusion_builder_column fusion-builder-column-2 fusion_builder_column_1_3 1_3 fusion-flex-column\" style=\"--awb-bg-size:cover;--awb-width-large:33.333333333333%;--awb-margin-top-large:0px;--awb-spacing-right-large:7.125%;--awb-margin-bottom-large:20px;--awb-spacing-left-large:7.125%;--awb-width-medium:33.333333333333%;--awb-order-medium:0;--awb-spacing-right-medium:7.125%;--awb-spacing-left-medium:7.125%;--awb-width-small:100%;--awb-order-small:0;--awb-spacing-right-small:2.375%;--awb-spacing-left-small:2.375%;\"><div class=\"fusion-column-wrapper fusion-column-has-shadow fusion-flex-justify-content-flex-start fusion-content-layout-column\"><div class=\"fusion-image-element \" style=\"--awb-caption-title-font-family:var(--h2_typography-font-family);--awb-caption-title-font-weight:var(--h2_typography-font-weight);--awb-caption-title-font-style:var(--h2_typography-font-style);--awb-caption-title-size:var(--h2_typography-font-size);--awb-caption-title-transform:var(--h2_typography-text-transform);--awb-caption-title-line-height:var(--h2_typography-line-height);--awb-caption-title-letter-spacing:var(--h2_typography-letter-spacing);\"><span class=\" fusion-imageframe imageframe-none imageframe-1 hover-type-none\"><a class=\"fusion-no-lightbox\" href=\"https:\/\/compassionateottawa.ca\/wp-content\/uploads\/2023\/05\/Compassion-Ottawa-Notre-histoire.pdf\" target=\"_self\" aria-label=\"000 FR\"><img data-opt-id=1121505240  fetchpriority=\"high\" decoding=\"async\" width=\"800\" height=\"1148\" src=\"https:\/\/mlexcy8pajmr.i.optimole.com\/cb:PuJa.7b8\/w:auto\/h:auto\/q:mauto\/f:best\/id:ffeb34606217d5cd3647d9ed51195b7e\/https:\/\/compassionateottawa.ca\/000-FR.png\" alt class=\"img-responsive wp-image-5468\"\/><\/a><\/span><\/div><div class=\"fusion-text fusion-text-3\"><p style=\"text-align: center;\"><a href=\"https:\/\/compassionateottawa.ca\/wp-content\/uploads\/2023\/05\/Compassion-Ottawa-Notre-histoire.pdf\" target=\"_blank\" rel=\"noopener\"><span style=\"text-decoration: underline;\">Consulter notre dossier de soutien (PDF)<\/span><\/a><\/p>\n<\/div><\/div><\/div><\/div><\/div><div class=\"fusion-fullwidth fullwidth-box fusion-builder-row-2 fusion-flex-container nonhundred-percent-fullwidth non-hundred-percent-height-scrolling\" style=\"--awb-border-radius-top-left:0px;--awb-border-radius-top-right:0px;--awb-border-radius-bottom-right:0px;--awb-border-radius-bottom-left:0px;--awb-padding-top:2vh;--awb-padding-bottom:2vh;--awb-background-color:#f2f2f2;--awb-flex-wrap:wrap;\" ><div class=\"fusion-builder-row fusion-row fusion-flex-align-items-flex-start fusion-flex-content-wrap\" style=\"max-width:1365px;margin-left: calc(-5% \/ 2 );margin-right: calc(-5% \/ 2 );\"><div class=\"fusion-layout-column fusion_builder_column fusion-builder-column-3 fusion_builder_column_1_1 1_1 fusion-flex-column\" style=\"--awb-bg-size:cover;--awb-width-large:100%;--awb-margin-top-large:0px;--awb-spacing-right-large:2.375%;--awb-margin-bottom-large:20px;--awb-spacing-left-large:2.375%;--awb-width-medium:100%;--awb-order-medium:0;--awb-spacing-right-medium:2.375%;--awb-spacing-left-medium:2.375%;--awb-width-small:100%;--awb-order-small:0;--awb-spacing-right-small:2.375%;--awb-spacing-left-small:2.375%;\"><div class=\"fusion-column-wrapper fusion-column-has-shadow fusion-flex-justify-content-flex-start fusion-content-layout-column\"><div class=\"fusion-menu-anchor\" id=\"formulaire \"><\/div><\/div><\/div><\/div><\/div><div class=\"fusion-fullwidth fullwidth-box fusion-builder-row-3 fusion-flex-container nonhundred-percent-fullwidth non-hundred-percent-height-scrolling\" style=\"--awb-border-radius-top-left:0px;--awb-border-radius-top-right:0px;--awb-border-radius-bottom-right:0px;--awb-border-radius-bottom-left:0px;--awb-flex-wrap:wrap;\" ><div class=\"fusion-builder-row fusion-row fusion-flex-align-items-flex-start fusion-flex-content-wrap\" style=\"max-width:1365px;margin-left: calc(-5% \/ 2 );margin-right: calc(-5% \/ 2 );\"><div class=\"fusion-layout-column fusion_builder_column fusion-builder-column-4 fusion_builder_column_1_4 1_4 fusion-flex-column\" style=\"--awb-bg-size:cover;--awb-width-large:25%;--awb-margin-top-large:0px;--awb-spacing-right-large:9.5%;--awb-margin-bottom-large:20px;--awb-spacing-left-large:9.5%;--awb-width-medium:25%;--awb-order-medium:0;--awb-spacing-right-medium:9.5%;--awb-spacing-left-medium:9.5%;--awb-width-small:100%;--awb-order-small:0;--awb-spacing-right-small:2.375%;--awb-spacing-left-small:2.375%;\"><div class=\"fusion-column-wrapper fusion-column-has-shadow fusion-flex-justify-content-flex-start fusion-content-layout-column\"><\/div><\/div><div class=\"fusion-layout-column fusion_builder_column fusion-builder-column-5 fusion_builder_column_1_2 1_2 fusion-flex-column\" style=\"--awb-bg-size:cover;--awb-width-large:50%;--awb-margin-top-large:0px;--awb-spacing-right-large:4.75%;--awb-margin-bottom-large:20px;--awb-spacing-left-large:4.75%;--awb-width-medium:50%;--awb-order-medium:0;--awb-spacing-right-medium:4.75%;--awb-spacing-left-medium:4.75%;--awb-width-small:100%;--awb-order-small:0;--awb-spacing-right-small:2.375%;--awb-spacing-left-small:2.375%;\"><div class=\"fusion-column-wrapper fusion-column-has-shadow fusion-flex-justify-content-flex-start fusion-content-layout-column\"><script id=\"ch_cdn_embed\" type='text\/javascript' src=\"https:\/\/www.canadahelps.org\/secure\/js\/cdf_embed.js\" charset='utf-8' data-language=\"fr\" data-page-id=\"59972\" data-root-url=\"https:\/\/www.canadahelps.org\" data-formtype=\"0\" data-cfasync=\"false\"><\/script><\/div><\/div><div class=\"fusion-layout-column fusion_builder_column fusion-builder-column-6 fusion_builder_column_1_4 1_4 fusion-flex-column\" style=\"--awb-bg-size:cover;--awb-width-large:25%;--awb-margin-top-large:0px;--awb-spacing-right-large:9.5%;--awb-margin-bottom-large:20px;--awb-spacing-left-large:9.5%;--awb-width-medium:25%;--awb-order-medium:0;--awb-spacing-right-medium:9.5%;--awb-spacing-left-medium:9.5%;--awb-width-small:100%;--awb-order-small:0;--awb-spacing-right-small:2.375%;--awb-spacing-left-small:2.375%;\"><div class=\"fusion-column-wrapper fusion-column-has-shadow fusion-flex-justify-content-flex-start fusion-content-layout-column\"><\/div><\/div><\/div><\/div><\/p>\n","protected":false},"excerpt":{"rendered":"","protected":false},"author":1,"featured_media":0,"parent":0,"menu_order":0,"comment_status":"closed","ping_status":"closed","template":"100-width.php","meta":{"_acf_changed":false,"footnotes":""},"class_list":["post-4064","page","type-page","status-publish","hentry"],"acf":[],"yoast_head":"<!-- This site is optimized with the Yoast SEO plugin v27.4 - https:\/\/yoast.com\/product\/yoast-seo-wordpress\/ -->\n<title>Faites un don &#8211; Compassionate Ottawa<\/title>\n<meta name=\"robots\" content=\"index, follow, max-snippet:-1, max-image-preview:large, max-video-preview:-1\" \/>\n<link rel=\"canonical\" href=\"https:\/\/compassionateottawa.ca\/fr\/faites-un-don\/\" \/>\n<meta property=\"og:locale\" content=\"fr_FR\" \/>\n<meta property=\"og:type\" content=\"article\" \/>\n<meta property=\"og:title\" content=\"Faites un don &#8211; Compassionate Ottawa\" \/>\n<meta property=\"og:url\" content=\"https:\/\/compassionateottawa.ca\/fr\/faites-un-don\/\" \/>\n<meta property=\"og:site_name\" content=\"Compassionate Ottawa\" \/>\n<meta property=\"article:publisher\" content=\"https:\/\/www.facebook.com\/CompassionateOttawa\" \/>\n<meta property=\"article:modified_time\" content=\"2025-11-28T21:28:45+00:00\" \/>\n<meta name=\"twitter:card\" content=\"summary_large_image\" \/>\n<meta name=\"twitter:site\" content=\"@Compassionate_O\" \/>\n<meta name=\"twitter:label1\" content=\"Dur\u00e9e de lecture estim\u00e9e\" \/>\n\t<meta name=\"twitter:data1\" content=\"4 minutes\" \/>\n<script type=\"application\/ld+json\" class=\"yoast-schema-graph\">{\"@context\":\"https:\\\/\\\/schema.org\",\"@graph\":[{\"@type\":\"WebPage\",\"@id\":\"https:\\\/\\\/compassionateottawa.ca\\\/fr\\\/faites-un-don\\\/\",\"url\":\"https:\\\/\\\/compassionateottawa.ca\\\/fr\\\/faites-un-don\\\/\",\"name\":\"Faites un don &#8211; Compassionate Ottawa\",\"isPartOf\":{\"@id\":\"https:\\\/\\\/compassionateottawa.ca\\\/fr\\\/#website\"},\"datePublished\":\"2021-07-26T17:16:59+00:00\",\"dateModified\":\"2025-11-28T21:28:45+00:00\",\"inLanguage\":\"fr-FR\",\"potentialAction\":[{\"@type\":\"ReadAction\",\"target\":[\"https:\\\/\\\/compassionateottawa.ca\\\/fr\\\/faites-un-don\\\/\"]}]},{\"@type\":\"WebSite\",\"@id\":\"https:\\\/\\\/compassionateottawa.ca\\\/fr\\\/#website\",\"url\":\"https:\\\/\\\/compassionateottawa.ca\\\/fr\\\/\",\"name\":\"Compassionate Ottawa\",\"description\":\"Changing the culture of dying.\",\"publisher\":{\"@id\":\"https:\\\/\\\/compassionateottawa.ca\\\/fr\\\/#organization\"},\"potentialAction\":[{\"@type\":\"SearchAction\",\"target\":{\"@type\":\"EntryPoint\",\"urlTemplate\":\"https:\\\/\\\/compassionateottawa.ca\\\/fr\\\/?s={search_term_string}\"},\"query-input\":{\"@type\":\"PropertyValueSpecification\",\"valueRequired\":true,\"valueName\":\"search_term_string\"}}],\"inLanguage\":\"fr-FR\"},{\"@type\":\"Organization\",\"@id\":\"https:\\\/\\\/compassionateottawa.ca\\\/fr\\\/#organization\",\"name\":\"Compassionate Ottawa\",\"url\":\"https:\\\/\\\/compassionateottawa.ca\\\/fr\\\/\",\"logo\":{\"@type\":\"ImageObject\",\"inLanguage\":\"fr-FR\",\"@id\":\"https:\\\/\\\/compassionateottawa.ca\\\/fr\\\/#\\\/schema\\\/logo\\\/image\\\/\",\"url\":\"https:\\/\\/compassionateottawa.ca\\/wp-content\\/uploads\\/2021\\/04\\/Logo_Stacked_Com_Ottawa_RGB_en4x-scaled.jpg\",\"contentUrl\":\"https:\\/\\/compassionateottawa.ca\\/wp-content\\/uploads\\/2021\\/04\\/Logo_Stacked_Com_Ottawa_RGB_en4x-scaled.jpg\",\"width\":2560,\"height\":1212,\"caption\":\"Compassionate Ottawa\"},\"image\":{\"@id\":\"https:\\\/\\\/compassionateottawa.ca\\\/fr\\\/#\\\/schema\\\/logo\\\/image\\\/\"},\"sameAs\":[\"https:\\\/\\\/www.facebook.com\\\/CompassionateOttawa\",\"https:\\\/\\\/x.com\\\/Compassionate_O\",\"https:\\\/\\\/www.instagram.com\\\/compassionateottawa\\\/\",\"https:\\\/\\\/www.youtube.com\\\/channel\\\/UC35hBGbBRzX26uYdQ-yRWow\"]}]}<\/script>\n<!-- \/ Yoast SEO plugin. -->","yoast_head_json":{"title":"Faites un don &#8211; Compassionate Ottawa","robots":{"index":"index","follow":"follow","max-snippet":"max-snippet:-1","max-image-preview":"max-image-preview:large","max-video-preview":"max-video-preview:-1"},"canonical":"https:\/\/compassionateottawa.ca\/fr\/faites-un-don\/","og_locale":"fr_FR","og_type":"article","og_title":"Faites un don &#8211; Compassionate Ottawa","og_url":"https:\/\/compassionateottawa.ca\/fr\/faites-un-don\/","og_site_name":"Compassionate Ottawa","article_publisher":"https:\/\/www.facebook.com\/CompassionateOttawa","article_modified_time":"2025-11-28T21:28:45+00:00","twitter_card":"summary_large_image","twitter_site":"@Compassionate_O","twitter_misc":{"Dur\u00e9e de lecture estim\u00e9e":"4 minutes"},"schema":{"@context":"https:\/\/schema.org","@graph":[{"@type":"WebPage","@id":"https:\/\/compassionateottawa.ca\/fr\/faites-un-don\/","url":"https:\/\/compassionateottawa.ca\/fr\/faites-un-don\/","name":"Faites un don &#8211; Compassionate Ottawa","isPartOf":{"@id":"https:\/\/compassionateottawa.ca\/fr\/#website"},"datePublished":"2021-07-26T17:16:59+00:00","dateModified":"2025-11-28T21:28:45+00:00","inLanguage":"fr-FR","potentialAction":[{"@type":"ReadAction","target":["https:\/\/compassionateottawa.ca\/fr\/faites-un-don\/"]}]},{"@type":"WebSite","@id":"https:\/\/compassionateottawa.ca\/fr\/#website","url":"https:\/\/compassionateottawa.ca\/fr\/","name":"Compassionate Ottawa","description":"Changing the culture of dying.","publisher":{"@id":"https:\/\/compassionateottawa.ca\/fr\/#organization"},"potentialAction":[{"@type":"SearchAction","target":{"@type":"EntryPoint","urlTemplate":"https:\/\/compassionateottawa.ca\/fr\/?s={search_term_string}"},"query-input":{"@type":"PropertyValueSpecification","valueRequired":true,"valueName":"search_term_string"}}],"inLanguage":"fr-FR"},{"@type":"Organization","@id":"https:\/\/compassionateottawa.ca\/fr\/#organization","name":"Compassionate Ottawa","url":"https:\/\/compassionateottawa.ca\/fr\/","logo":{"@type":"ImageObject","inLanguage":"fr-FR","@id":"https:\/\/compassionateottawa.ca\/fr\/#\/schema\/logo\/image\/","url":"https:\/\/mlexcy8pajmr.i.optimole.com\/cb:PuJa.7b8\/w:auto\/h:auto\/q:mauto\/f:best\/https:\/\/compassionateottawa.ca\/wp-content\/uploads\/2021\/04\/Logo_Stacked_Com_Ottawa_RGB_en4x-scaled.jpg","contentUrl":"https:\/\/mlexcy8pajmr.i.optimole.com\/cb:PuJa.7b8\/w:auto\/h:auto\/q:mauto\/f:best\/https:\/\/compassionateottawa.ca\/wp-content\/uploads\/2021\/04\/Logo_Stacked_Com_Ottawa_RGB_en4x-scaled.jpg","width":2560,"height":1212,"caption":"Compassionate Ottawa"},"image":{"@id":"https:\/\/compassionateottawa.ca\/fr\/#\/schema\/logo\/image\/"},"sameAs":["https:\/\/www.facebook.com\/CompassionateOttawa","https:\/\/x.com\/Compassionate_O","https:\/\/www.instagram.com\/compassionateottawa\/","https:\/\/www.youtube.com\/channel\/UC35hBGbBRzX26uYdQ-yRWow"]}]}},"_links":{"self":[{"href":"https:\/\/compassionateottawa.ca\/fr\/wp-json\/wp\/v2\/pages\/4064","targetHints":{"allow":["GET"]}}],"collection":[{"href":"https:\/\/compassionateottawa.ca\/fr\/wp-json\/wp\/v2\/pages"}],"about":[{"href":"https:\/\/compassionateottawa.ca\/fr\/wp-json\/wp\/v2\/types\/page"}],"author":[{"embeddable":true,"href":"https:\/\/compassionateottawa.ca\/fr\/wp-json\/wp\/v2\/users\/1"}],"replies":[{"embeddable":true,"href":"https:\/\/compassionateottawa.ca\/fr\/wp-json\/wp\/v2\/comments?post=4064"}],"version-history":[{"count":12,"href":"https:\/\/compassionateottawa.ca\/fr\/wp-json\/wp\/v2\/pages\/4064\/revisions"}],"predecessor-version":[{"id":6560,"href":"https:\/\/compassionateottawa.ca\/fr\/wp-json\/wp\/v2\/pages\/4064\/revisions\/6560"}],"wp:attachment":[{"href":"https:\/\/compassionateottawa.ca\/fr\/wp-json\/wp\/v2\/media?parent=4064"}],"curies":[{"name":"wp","href":"https:\/\/api.w.org\/{rel}","templated":true}]}}